{"id":593,"date":"2025-06-30T15:56:43","date_gmt":"2025-06-30T13:56:43","guid":{"rendered":"https:\/\/cfr44.fr\/?page_id=593"},"modified":"2025-09-23T11:03:33","modified_gmt":"2025-09-23T09:03:33","slug":"mentions-legales","status":"publish","type":"page","link":"https:\/\/cfr44.fr\/index.php\/mentions-legales\/","title":{"rendered":"Mentions l\u00e9gales"},"content":{"rendered":"<p>[et_pb_section fb_built=\u00a0\u00bb1&Prime; admin_label=\u00a0\u00bbsection\u00a0\u00bb _builder_version=\u00a0\u00bb4.16&Prime; da_disable_devices=\u00a0\u00bboff|off|off\u00a0\u00bb global_colors_info=\u00a0\u00bb{}\u00a0\u00bb da_is_popup=\u00a0\u00bboff\u00a0\u00bb da_exit_intent=\u00a0\u00bboff\u00a0\u00bb da_has_close=\u00a0\u00bbon\u00a0\u00bb da_alt_close=\u00a0\u00bboff\u00a0\u00bb da_dark_close=\u00a0\u00bboff\u00a0\u00bb da_not_modal=\u00a0\u00bbon\u00a0\u00bb da_is_singular=\u00a0\u00bboff\u00a0\u00bb da_with_loader=\u00a0\u00bboff\u00a0\u00bb da_has_shadow=\u00a0\u00bbon\u00a0\u00bb][et_pb_row admin_label=\u00a0\u00bbrow\u00a0\u00bb _builder_version=\u00a0\u00bb4.27.4&Prime; background_size=\u00a0\u00bbinitial\u00a0\u00bb background_position=\u00a0\u00bbtop_left\u00a0\u00bb background_repeat=\u00a0\u00bbrepeat\u00a0\u00bb hover_enabled=\u00a0\u00bb0&Prime; global_colors_info=\u00a0\u00bb{}\u00a0\u00bb sticky_enabled=\u00a0\u00bb0&Prime;][et_pb_column type=\u00a0\u00bb4_4&Prime; _builder_version=\u00a0\u00bb4.27.4&Prime; custom_padding=\u00a0\u00bb|||\u00a0\u00bb hover_enabled=\u00a0\u00bb0&Prime; global_colors_info=\u00a0\u00bb{}\u00a0\u00bb custom_padding__hover=\u00a0\u00bb|||\u00a0\u00bb sticky_enabled=\u00a0\u00bb0&Prime;][et_pb_text admin_label=\u00a0\u00bbText\u00a0\u00bb _builder_version=\u00a0\u00bb4.27.4&Prime; background_size=\u00a0\u00bbinitial\u00a0\u00bb background_position=\u00a0\u00bbtop_left\u00a0\u00bb background_repeat=\u00a0\u00bbrepeat\u00a0\u00bb text_orientation=\u00a0\u00bbjustified\u00a0\u00bb hover_enabled=\u00a0\u00bb0&Prime; global_colors_info=\u00a0\u00bb{}\u00a0\u00bb sticky_enabled=\u00a0\u00bb0&Prime;]<\/p>\n<p><strong>1. \u00c9diteur du site<\/strong><\/p>\n<p>Nom de l\u2019organisme : CFR 44<br \/>Raison sociale : Centre de Formation Routi\u00e8re 44<br \/>Forme juridique : SARL<br \/>Capital social : 7 662.45 \u20ac<br \/>Adresse : 2 boulevard Jean de Neyman 44600 SAINT-NAZAIRE<br \/>T\u00e9l\u00e9phone : 02 51 82 46 76<br \/>Adresse e-mail : contact@cfr44.fr<br \/>Num\u00e9ro SIRET : 38937045300075<br \/>RCS \/ RM : 389 370 453 R.C.S. Saint-Nazaire<\/p>\n<p>Num\u00e9ro de TVA : FR26389370453<\/p>\n<p>Responsable de la publication : HULIN Nicolas &#8211; G\u00e9rant<br \/>Contact responsable publication : n.hulin@groupe-afsr.fr<\/p>\n<p><strong>2. H\u00e9bergeur du site<\/strong><\/p>\n<p>Nom de l\u2019h\u00e9bergeur : OVHcloud<br \/>Adresse : 2 rue Kellermann 59100 Roubaix<br \/>Site web : www.ovhcloud.com<\/p>\n<p><strong>3. Propri\u00e9t\u00e9 intellectuelle<\/strong><\/p>\n<p>L\u2019ensemble du site internet cfr44.fr (textes, images, graphismes, logo, ic\u00f4nes, vid\u00e9os, sons, etc.) rel\u00e8ve de la l\u00e9gislation fran\u00e7aise et internationale sur le droit d\u2019auteur et la propri\u00e9t\u00e9 intellectuelle.<br \/>Toute reproduction, repr\u00e9sentation, modification, publication, adaptation de tout ou partie des \u00e9l\u00e9ments du site est interdite, sauf autorisation \u00e9crite pr\u00e9alable de CFR 44.<\/p>\n<p><strong>4. Donn\u00e9es personnelles<\/strong><\/p>\n<p>Le site cfr44.fr peut \u00eatre amen\u00e9 \u00e0 collecter des donn\u00e9es personnelles dans le cadre de formulaires de contact, de demandes d\u2019inscription ou de devis.<br \/>Conform\u00e9ment au R\u00e8glement G\u00e9n\u00e9ral sur la Protection des Donn\u00e9es (RGPD), vous disposez d\u2019un droit d\u2019acc\u00e8s, de rectification, de suppression, d\u2019opposition et de portabilit\u00e9 de vos donn\u00e9es.<br \/>Pour exercer ces droits, vous pouvez contacter : contact@cfr44.fr<\/p>\n<p>Les donn\u00e9es collect\u00e9es ne sont jamais c\u00e9d\u00e9es \u00e0 des tiers sans consentement pr\u00e9alable.<\/p>\n<p><strong>5. Cookies<\/strong><\/p>\n<p>Le site cfr44.fr peut utiliser des cookies pour am\u00e9liorer l\u2019exp\u00e9rience utilisateur. L\u2019utilisateur peut \u00e0 tout moment d\u00e9sactiver l\u2019usage de cookies dans les param\u00e8tres de son navigateur.<br \/>Pour en savoir plus, consultez notre [Politique de Cookies].<\/p>\n<p><strong>6. Responsabilit\u00e9<\/strong><\/p>\n<p>CFR 44 s\u2019efforce de fournir des informations pr\u00e9cises et \u00e0 jour, mais ne peut garantir l&rsquo;exactitude, la compl\u00e9tude ou l\u2019actualit\u00e9 des contenus diffus\u00e9s sur le site.<br \/>L&rsquo;utilisateur reconna\u00eet utiliser ces informations sous sa responsabilit\u00e9 exclusive.<\/p>\n<p><strong>7. Droit applicable<\/strong><\/p>\n<p>Les pr\u00e9sentes mentions l\u00e9gales sont r\u00e9gies par le droit fran\u00e7ais. En cas de litige, les tribunaux fran\u00e7ais seront seuls comp\u00e9tents.<\/p>\n<p>[\/et_pb_text][\/et_pb_column][\/et_pb_row][\/et_pb_section]<\/p>\n","protected":false},"excerpt":{"rendered":"<p>1. \u00c9diteur du site Nom de l\u2019organisme : CFR 44Raison sociale : Centre de Formation Routi\u00e8re 44Forme juridique : SARLCapital social : 7 662.45 \u20acAdresse : 2 boulevard Jean de Neyman 44600 SAINT-NAZAIRET\u00e9l\u00e9phone : 02 51 82 46 76Adresse e-mail : contact@cfr44.frNum\u00e9ro SIRET : 38937045300075RCS \/ RM : 389 370 453 R.C.S. Saint-Nazaire Num\u00e9ro de [&hellip;]<\/p>\n","protected":false},"author":1,"featured_media":0,"parent":0,"menu_order":0,"comment_status":"closed","ping_status":"closed","template":"","meta":{"_et_pb_use_builder":"on","_et_pb_old_content":"<p><strong>1. \u00c9diteur du site<\/strong><\/p><p>Nom de l\u2019organisme : CFR 44<br \/>Raison sociale : Centre de Formation Routi\u00e8re 44<br \/>Forme juridique : SARL<br \/>Capital social : 7 662.45 \u20ac<br \/>Adresse : 2 boulevard Jean de Neyman 44600 SAINT-NAZAIRE<br \/>T\u00e9l\u00e9phone : 02 51 82 46 76<br \/>Adresse e-mail : contact@cfr44.fr<br \/>Num\u00e9ro SIRET : 38937045300075<br \/>RCS \/ RM : 389 370 453 R.C.S. Saint-nazaire<br \/>Responsable de la publication : HULIN Nicolas - G\u00e9rant<br \/>Contact responsable publication : n.hulin@groupe-afsr.fr<\/p><p><strong>2. H\u00e9bergeur du site<\/strong><\/p><p>Nom de l\u2019h\u00e9bergeur : OVHcloud<br \/>Adresse : 2 rue Kellermann 59100 Roubaix<br \/>Site web : www.ovhcloud.com<\/p><p><strong>3. Propri\u00e9t\u00e9 intellectuelle<\/strong><\/p><p>L\u2019ensemble du site internet cfr44.fr (textes, images, graphismes, logo, ic\u00f4nes, vid\u00e9os, sons, etc.) rel\u00e8ve de la l\u00e9gislation fran\u00e7aise et internationale sur le droit d\u2019auteur et la propri\u00e9t\u00e9 intellectuelle.<br \/>Toute reproduction, repr\u00e9sentation, modification, publication, adaptation de tout ou partie des \u00e9l\u00e9ments du site est interdite, sauf autorisation \u00e9crite pr\u00e9alable de CFR 44.<\/p><p><strong>4. Donn\u00e9es personnelles<\/strong><\/p><p>Le site cfr44.fr peut \u00eatre amen\u00e9 \u00e0 collecter des donn\u00e9es personnelles dans le cadre de formulaires de contact, de demandes d\u2019inscription ou de devis.<br \/>Conform\u00e9ment au R\u00e8glement G\u00e9n\u00e9ral sur la Protection des Donn\u00e9es (RGPD), vous disposez d\u2019un droit d\u2019acc\u00e8s, de rectification, de suppression, d\u2019opposition et de portabilit\u00e9 de vos donn\u00e9es.<br \/>Pour exercer ces droits, vous pouvez contacter : contact@cfr44.fr<\/p><p>Les donn\u00e9es collect\u00e9es ne sont jamais c\u00e9d\u00e9es \u00e0 des tiers sans consentement pr\u00e9alable.<\/p><p><strong>5. Cookies<\/strong><\/p><p>Le site cfr44.fr peut utiliser des cookies pour am\u00e9liorer l\u2019exp\u00e9rience utilisateur. L\u2019utilisateur peut \u00e0 tout moment d\u00e9sactiver l\u2019usage de cookies dans les param\u00e8tres de son navigateur.<br \/>Pour en savoir plus, consultez notre [Politique de Cookies].<\/p><p><strong>6. Responsabilit\u00e9<\/strong><\/p><p>CFR 44 s\u2019efforce de fournir des informations pr\u00e9cises et \u00e0 jour, mais ne peut garantir l'exactitude, la compl\u00e9tude ou l\u2019actualit\u00e9 des contenus diffus\u00e9s sur le site.<br \/>L'utilisateur reconna\u00eet utiliser ces informations sous sa responsabilit\u00e9 exclusive.<\/p><p><strong>7. Droit applicable<\/strong><\/p><p>Les pr\u00e9sentes mentions l\u00e9gales sont r\u00e9gies par le droit fran\u00e7ais. En cas de litige, les tribunaux fran\u00e7ais seront seuls comp\u00e9tents.<\/p>","_et_gb_content_width":"","footnotes":""},"class_list":["post-593","page","type-page","status-publish","hentry"],"_links":{"self":[{"href":"https:\/\/cfr44.fr\/index.php\/wp-json\/wp\/v2\/pages\/593","targetHints":{"allow":["GET"]}}],"collection":[{"href":"https:\/\/cfr44.fr\/index.php\/wp-json\/wp\/v2\/pages"}],"about":[{"href":"https:\/\/cfr44.fr\/index.php\/wp-json\/wp\/v2\/types\/page"}],"author":[{"embeddable":true,"href":"https:\/\/cfr44.fr\/index.php\/wp-json\/wp\/v2\/users\/1"}],"replies":[{"embeddable":true,"href":"https:\/\/cfr44.fr\/index.php\/wp-json\/wp\/v2\/comments?post=593"}],"version-history":[{"count":7,"href":"https:\/\/cfr44.fr\/index.php\/wp-json\/wp\/v2\/pages\/593\/revisions"}],"predecessor-version":[{"id":650,"href":"https:\/\/cfr44.fr\/index.php\/wp-json\/wp\/v2\/pages\/593\/revisions\/650"}],"wp:attachment":[{"href":"https:\/\/cfr44.fr\/index.php\/wp-json\/wp\/v2\/media?parent=593"}],"curies":[{"name":"wp","href":"https:\/\/api.w.org\/{rel}","templated":true}]}}