{"id":576,"date":"2025-06-30T15:28:01","date_gmt":"2025-06-30T13:28:01","guid":{"rendered":"https:\/\/cfr44.fr\/?page_id=576"},"modified":"2025-06-30T16:22:05","modified_gmt":"2025-06-30T14:22:05","slug":"politique-de-confidentialite","status":"publish","type":"page","link":"https:\/\/cfr44.fr\/index.php\/politique-de-confidentialite\/","title":{"rendered":"Politique de confidentialit\u00e9"},"content":{"rendered":"[et_pb_section fb_built=\u00a0\u00bb1&Prime; admin_label=\u00a0\u00bbsection\u00a0\u00bb _builder_version=\u00a0\u00bb4.16&Prime; da_disable_devices=\u00a0\u00bboff|off|off\u00a0\u00bb global_colors_info=\u00a0\u00bb{}\u00a0\u00bb da_is_popup=\u00a0\u00bboff\u00a0\u00bb da_exit_intent=\u00a0\u00bboff\u00a0\u00bb da_has_close=\u00a0\u00bbon\u00a0\u00bb da_alt_close=\u00a0\u00bboff\u00a0\u00bb da_dark_close=\u00a0\u00bboff\u00a0\u00bb da_not_modal=\u00a0\u00bbon\u00a0\u00bb da_is_singular=\u00a0\u00bboff\u00a0\u00bb da_with_loader=\u00a0\u00bboff\u00a0\u00bb da_has_shadow=\u00a0\u00bbon\u00a0\u00bb][et_pb_row admin_label=\u00a0\u00bbrow\u00a0\u00bb _builder_version=\u00a0\u00bb4.16&Prime; background_size=\u00a0\u00bbinitial\u00a0\u00bb background_position=\u00a0\u00bbtop_left\u00a0\u00bb background_repeat=\u00a0\u00bbrepeat\u00a0\u00bb global_colors_info=\u00a0\u00bb{}\u00a0\u00bb][et_pb_column type=\u00a0\u00bb4_4&Prime; _builder_version=\u00a0\u00bb4.16&Prime; custom_padding=\u00a0\u00bb|||\u00a0\u00bb global_colors_info=\u00a0\u00bb{}\u00a0\u00bb custom_padding__hover=\u00a0\u00bb|||\u00a0\u00bb][et_pb_text admin_label=\u00a0\u00bbText\u00a0\u00bb _builder_version=\u00a0\u00bb4.16&Prime; background_size=\u00a0\u00bbinitial\u00a0\u00bb background_position=\u00a0\u00bbtop_left\u00a0\u00bb background_repeat=\u00a0\u00bbrepeat\u00a0\u00bb global_colors_info=\u00a0\u00bb{}\u00a0\u00bb]<h2 data-start=\"151\" data-end=\"184\">Politique de confidentialit\u00e9<\/h2>\n<p data-start=\"185\" data-end=\"244\"><strong data-start=\"185\" data-end=\"244\">Derni\u00e8re mise \u00e0 jour : 30 juin 2025<\/strong><\/p>\n<p data-start=\"246\" data-end=\"508\">Le site <strong data-start=\"254\" data-end=\"266\">cfr44.fr<\/strong> s&rsquo;engage \u00e0 respecter votre vie priv\u00e9e et \u00e0 prot\u00e9ger les donn\u00e9es personnelles que vous nous confiez. La pr\u00e9sente politique a pour objectif de vous informer sur la mani\u00e8re dont nous collectons, utilisons et prot\u00e9geons vos donn\u00e9es personnelles.<\/p>\n<hr data-start=\"510\" data-end=\"513\" \/>\n<h3 data-start=\"515\" data-end=\"559\">1. Identit\u00e9 du responsable de traitement<\/h3>\n<p data-start=\"561\" data-end=\"648\"><strong data-start=\"561\" data-end=\"590\">Responsable de traitement<\/strong> :<br data-start=\"592\" data-end=\"595\" \/>CFR 44<br data-start=\"601\" data-end=\"604\" \/>13 Rue Emile Cheysson 44300 NANTES<br data-start=\"621\" data-end=\"624\" \/>Email : <a data-start=\"632\" data-end=\"648\" class=\"cursor-pointer\" rel=\"noopener\">contact@cfr44.fr<\/a><\/p>\n<hr data-start=\"650\" data-end=\"653\" \/>\n<h3 data-start=\"655\" data-end=\"680\">2. Donn\u00e9es collect\u00e9es<\/h3>\n<p data-start=\"682\" data-end=\"764\">Nous collectons les donn\u00e9es suivantes uniquement lorsque vous les renseignez via :<\/p>\n<ul data-start=\"766\" data-end=\"886\">\n<li data-start=\"766\" data-end=\"789\">\n<p data-start=\"768\" data-end=\"789\">Formulaire de contact<\/p>\n<\/li>\n<li data-start=\"790\" data-end=\"839\">\n<p data-start=\"792\" data-end=\"839\">Formulaire de demande de devis ou d&rsquo;inscription<\/p>\n<\/li>\n<li data-start=\"840\" data-end=\"886\">\n<p data-start=\"842\" data-end=\"886\">Inscription \u00e0 une newsletter (si applicable)<\/p>\n<\/li>\n<\/ul>\n<p data-start=\"888\" data-end=\"921\"><strong data-start=\"888\" data-end=\"919\">Types de donn\u00e9es collect\u00e9es<\/strong> :<\/p>\n<ul data-start=\"923\" data-end=\"1102\">\n<li data-start=\"923\" data-end=\"940\">\n<p data-start=\"925\" data-end=\"940\">Nom et pr\u00e9nom<\/p>\n<\/li>\n<li data-start=\"941\" data-end=\"959\">\n<p data-start=\"943\" data-end=\"959\">Adresse e-mail<\/p>\n<\/li>\n<li data-start=\"960\" data-end=\"983\">\n<p data-start=\"962\" data-end=\"983\">Num\u00e9ro de t\u00e9l\u00e9phone<\/p>\n<\/li>\n<li data-start=\"984\" data-end=\"1017\">\n<p data-start=\"986\" data-end=\"1017\">Message ou demande sp\u00e9cifique<\/p>\n<\/li>\n<li data-start=\"1018\" data-end=\"1050\">\n<p data-start=\"1020\" data-end=\"1050\">Adresse postale (si fournie)<\/p>\n<\/li>\n<li data-start=\"1051\" data-end=\"1102\">\n<p data-start=\"1053\" data-end=\"1102\">Donn\u00e9es techniques (adresse IP, navigateur, etc.)<\/p>\n<\/li>\n<\/ul>\n<hr data-start=\"1104\" data-end=\"1107\" \/>\n<h3 data-start=\"1109\" data-end=\"1139\">3. Finalit\u00e9s du traitement<\/h3>\n<p data-start=\"1141\" data-end=\"1186\">Les donn\u00e9es collect\u00e9es servent uniquement \u00e0 :<\/p>\n<ul data-start=\"1188\" data-end=\"1429\">\n<li data-start=\"1188\" data-end=\"1243\">\n<p data-start=\"1190\" data-end=\"1243\">R\u00e9pondre \u00e0 vos demandes de contact ou d&rsquo;information<\/p>\n<\/li>\n<li data-start=\"1244\" data-end=\"1309\">\n<p data-start=\"1246\" data-end=\"1309\">Vous fournir les services demand\u00e9s (inscription, devis, etc.)<\/p>\n<\/li>\n<li data-start=\"1310\" data-end=\"1349\">\n<p data-start=\"1312\" data-end=\"1349\">Am\u00e9liorer le fonctionnement du site<\/p>\n<\/li>\n<li data-start=\"1350\" data-end=\"1429\">\n<p data-start=\"1352\" data-end=\"1429\">Vous envoyer des informations ou des communications (si vous y avez consenti)<\/p>\n<\/li>\n<\/ul>\n<hr data-start=\"1431\" data-end=\"1434\" \/>\n<h3 data-start=\"1436\" data-end=\"1464\">4. Dur\u00e9e de conservation<\/h3>\n<p data-start=\"1466\" data-end=\"1575\">Vos donn\u00e9es personnelles sont conserv\u00e9es pendant une dur\u00e9e strictement n\u00e9cessaire aux finalit\u00e9s mentionn\u00e9es :<\/p>\n<ul data-start=\"1577\" data-end=\"1755\">\n<li data-start=\"1577\" data-end=\"1635\">\n<p data-start=\"1579\" data-end=\"1635\">Demandes de contact : 12 mois apr\u00e8s le dernier \u00e9change<\/p>\n<\/li>\n<li data-start=\"1636\" data-end=\"1703\">\n<p data-start=\"1638\" data-end=\"1703\">Donn\u00e9es clients : 3 ans apr\u00e8s la fin de la relation commerciale<\/p>\n<\/li>\n<li data-start=\"1704\" data-end=\"1755\">\n<p data-start=\"1706\" data-end=\"1755\">Donn\u00e9es de navigation (cookies) : 13 mois maximum<\/p>\n<\/li>\n<\/ul>\n<hr data-start=\"1757\" data-end=\"1760\" \/>\n<h3 data-start=\"1762\" data-end=\"1788\">5. Partage des donn\u00e9es<\/h3>\n<p data-start=\"1790\" data-end=\"1971\">Les donn\u00e9es collect\u00e9es sont destin\u00e9es exclusivement \u00e0 <strong data-start=\"1844\" data-end=\"1854\">CFR 44<\/strong>.<br data-start=\"1855\" data-end=\"1858\" \/>Nous ne les vendons pas et ne les transmettons pas \u00e0 des tiers sans votre consentement, sauf obligations l\u00e9gales.<\/p>\n<hr data-start=\"1973\" data-end=\"1976\" \/>\n<h3 data-start=\"1978\" data-end=\"1995\">6. Vos droits<\/h3>\n<p data-start=\"1997\" data-end=\"2108\">Conform\u00e9ment au <strong data-start=\"2013\" data-end=\"2071\">R\u00e8glement G\u00e9n\u00e9ral sur la Protection des Donn\u00e9es (RGPD)<\/strong>, vous disposez des droits suivants :<\/p>\n<ul data-start=\"2110\" data-end=\"2372\">\n<li data-start=\"2110\" data-end=\"2141\">\n<p data-start=\"2112\" data-end=\"2141\">Droit d\u2019acc\u00e8s \u00e0 vos donn\u00e9es<\/p>\n<\/li>\n<li data-start=\"2142\" data-end=\"2168\">\n<p data-start=\"2144\" data-end=\"2168\">Droit de rectification<\/p>\n<\/li>\n<li data-start=\"2169\" data-end=\"2211\">\n<p data-start=\"2171\" data-end=\"2211\">Droit \u00e0 l\u2019effacement (droit \u00e0 l\u2019oubli)<\/p>\n<\/li>\n<li data-start=\"2212\" data-end=\"2251\">\n<p data-start=\"2214\" data-end=\"2251\">Droit \u00e0 la limitation du traitement<\/p>\n<\/li>\n<li data-start=\"2252\" data-end=\"2274\">\n<p data-start=\"2254\" data-end=\"2274\">Droit d\u2019opposition<\/p>\n<\/li>\n<li data-start=\"2275\" data-end=\"2313\">\n<p data-start=\"2277\" data-end=\"2313\">Droit \u00e0 la portabilit\u00e9 des donn\u00e9es<\/p>\n<\/li>\n<li data-start=\"2314\" data-end=\"2372\">\n<p data-start=\"2316\" data-end=\"2372\">Droit d\u2019introduire une r\u00e9clamation aupr\u00e8s de la <strong data-start=\"2364\" data-end=\"2372\">CNIL<\/strong><\/p>\n<\/li>\n<\/ul>\n<p data-start=\"2374\" data-end=\"2447\">Pour exercer vos droits, vous pouvez nous \u00e9crire \u00e0 : <strong data-start=\"2427\" data-end=\"2447\"><a data-start=\"2429\" data-end=\"2445\" class=\"cursor-pointer\" rel=\"noopener\">contact@cfr44.fr<\/a><\/strong><\/p>\n<hr data-start=\"2449\" data-end=\"2452\" \/>\n<h3 data-start=\"2454\" data-end=\"2481\">7. S\u00e9curit\u00e9 des donn\u00e9es<\/h3>\n<p data-start=\"2483\" data-end=\"2645\">Nous mettons en \u0153uvre des mesures techniques et organisationnelles pour prot\u00e9ger vos donn\u00e9es personnelles contre la perte, l&rsquo;acc\u00e8s non autoris\u00e9 ou la divulgation.<\/p>\n<hr data-start=\"2647\" data-end=\"2650\" \/>\n<h3 data-start=\"2652\" data-end=\"2666\">8. Cookies<\/h3>\n<p data-start=\"2668\" data-end=\"2837\">Le site <strong data-start=\"2676\" data-end=\"2688\">cfr44.fr<\/strong> utilise des cookies pour am\u00e9liorer l\u2019exp\u00e9rience utilisateur et mesurer l\u2019audience. Pour plus d\u2019informations, consultez notre [Politique de cookies].<\/p>\n<hr data-start=\"2839\" data-end=\"2842\" \/>\n<h3 data-start=\"2844\" data-end=\"2879\">9. Modification de la politique<\/h3>\n<p data-start=\"2881\" data-end=\"3035\">Nous nous r\u00e9servons le droit de modifier la pr\u00e9sente politique \u00e0 tout moment. Toute modification sera publi\u00e9e sur cette page avec une date de mise \u00e0 jour.<\/p>\n<p><\/p>[\/et_pb_text][\/et_pb_column][\/et_pb_row][\/et_pb_section]<!-- \/wp:post-content -->","protected":false},"excerpt":{"rendered":"<p>Politique de confidentialit\u00e9 Derni\u00e8re mise \u00e0 jour : 30 juin 2025 Le site cfr44.fr s&rsquo;engage \u00e0 respecter votre vie priv\u00e9e et \u00e0 prot\u00e9ger les donn\u00e9es personnelles que vous nous confiez. La pr\u00e9sente politique a pour objectif de vous informer sur la mani\u00e8re dont nous collectons, utilisons et prot\u00e9geons vos donn\u00e9es personnelles. 1. Identit\u00e9 du responsable [&hellip;]<\/p>\n","protected":false},"author":1,"featured_media":0,"parent":0,"menu_order":0,"comment_status":"closed","ping_status":"closed","template":"","meta":{"_et_pb_use_builder":"on","_et_pb_old_content":"<!-- wp:heading -->\r\n<h2 class=\"wp-block-heading\">Qui sommes-nous\u00a0?<\/h2>\r\n<!-- \/wp:heading -->\r\n<!-- wp:paragraph -->\r\n<p><strong class=\"privacy-policy-tutorial\">Texte sugg\u00e9r\u00e9\u00a0: <\/strong>L\u2019adresse de notre site est\u00a0: https:\/\/cfr44.fr.<\/p>\r\n<!-- \/wp:paragraph -->\r\n<!-- wp:heading -->\r\n<h2 class=\"wp-block-heading\">Commentaires<\/h2>\r\n<!-- \/wp:heading -->\r\n<!-- wp:paragraph -->\r\n<p><strong class=\"privacy-policy-tutorial\">Texte sugg\u00e9r\u00e9\u00a0: <\/strong>Quand vous laissez un commentaire sur notre site, les donn\u00e9es inscrites dans le formulaire de commentaire, ainsi que votre adresse IP et l\u2019agent utilisateur de votre navigateur sont collect\u00e9s pour nous aider \u00e0 la d\u00e9tection des commentaires ind\u00e9sirables.<\/p>\r\n<!-- \/wp:paragraph -->\r\n<!-- wp:paragraph -->\r\n<p>Une cha\u00eene anonymis\u00e9e cr\u00e9\u00e9e \u00e0 partir de votre adresse e-mail (\u00e9galement appel\u00e9e hash) peut \u00eatre envoy\u00e9e au service Gravatar pour v\u00e9rifier si vous utilisez ce dernier. Les clauses de confidentialit\u00e9 du service Gravatar sont disponibles ici\u00a0: https:\/\/automattic.com\/privacy\/. Apr\u00e8s validation de votre commentaire, votre photo de profil sera visible publiquement \u00e0 cot\u00e9 de votre commentaire.<\/p>\r\n<!-- \/wp:paragraph -->\r\n<!-- wp:heading -->\r\n<h2 class=\"wp-block-heading\">M\u00e9dias<\/h2>\r\n<!-- \/wp:heading -->\r\n<!-- wp:paragraph -->\r\n<p><strong class=\"privacy-policy-tutorial\">Texte sugg\u00e9r\u00e9\u00a0: <\/strong>Si vous t\u00e9l\u00e9versez des images sur le site, nous vous conseillons d\u2019\u00e9viter de t\u00e9l\u00e9verser des images contenant des donn\u00e9es EXIF de coordonn\u00e9es GPS. Les personnes visitant votre site peuvent t\u00e9l\u00e9charger et extraire des donn\u00e9es de localisation depuis ces images.<\/p>\r\n<!-- \/wp:paragraph -->\r\n<!-- wp:heading -->\r\n<h2 class=\"wp-block-heading\">Cookies<\/h2>\r\n<!-- \/wp:heading -->\r\n<!-- wp:paragraph -->\r\n<p><strong class=\"privacy-policy-tutorial\">Texte sugg\u00e9r\u00e9\u00a0: <\/strong>Si vous d\u00e9posez un commentaire sur notre site, il vous sera propos\u00e9 d\u2019enregistrer votre nom, adresse e-mail et site dans des cookies. C\u2019est uniquement pour votre confort afin de ne pas avoir \u00e0 saisir ces informations si vous d\u00e9posez un autre commentaire plus tard. Ces cookies expirent au bout d\u2019un an.<\/p>\r\n<!-- \/wp:paragraph -->\r\n<!-- wp:paragraph -->\r\n<p>Si vous vous rendez sur la page de connexion, un cookie temporaire sera cr\u00e9\u00e9 afin de d\u00e9terminer si votre navigateur accepte les cookies. Il ne contient pas de donn\u00e9es personnelles et sera supprim\u00e9 automatiquement \u00e0 la fermeture de votre navigateur.<\/p>\r\n<!-- \/wp:paragraph -->\r\n<!-- wp:paragraph -->\r\n<p>Lorsque vous vous connecterez, nous mettrons en place un certain nombre de cookies pour enregistrer vos informations de connexion et vos pr\u00e9f\u00e9rences d\u2019\u00e9cran. La dur\u00e9e de vie d\u2019un cookie de connexion est de deux jours, celle d\u2019un cookie d\u2019option d\u2019\u00e9cran est d\u2019un an. Si vous cochez \u00ab\u00a0Se souvenir de moi\u00a0\u00bb, votre cookie de connexion sera conserv\u00e9 pendant deux semaines. Si vous vous d\u00e9connectez de votre compte, le cookie de connexion sera effac\u00e9.<\/p>\r\n<!-- \/wp:paragraph -->\r\n<!-- wp:paragraph -->\r\n<p>En modifiant ou en publiant une publication, un cookie suppl\u00e9mentaire sera enregistr\u00e9 dans votre navigateur. Ce cookie ne comprend aucune donn\u00e9e personnelle. Il indique simplement l\u2019ID de la publication que vous venez de modifier. Il expire au bout d\u2019un jour.<\/p>\r\n<!-- \/wp:paragraph -->\r\n<!-- wp:heading -->\r\n<h2 class=\"wp-block-heading\">Contenu embarqu\u00e9 depuis d\u2019autres sites<\/h2>\r\n<!-- \/wp:heading -->\r\n<!-- wp:paragraph -->\r\n<p><strong class=\"privacy-policy-tutorial\">Texte sugg\u00e9r\u00e9\u00a0: <\/strong>Les articles de ce site peuvent inclure des contenus int\u00e9gr\u00e9s (par exemple des vid\u00e9os, images, articles\u2026). Le contenu int\u00e9gr\u00e9 depuis d\u2019autres sites se comporte de la m\u00eame mani\u00e8re que si le visiteur se rendait sur cet autre site.<\/p>\r\n<!-- \/wp:paragraph -->\r\n<!-- wp:paragraph -->\r\n<p>Ces sites web pourraient collecter des donn\u00e9es sur vous, utiliser des cookies, embarquer des outils de suivis tiers, suivre vos interactions avec ces contenus embarqu\u00e9s si vous disposez d\u2019un compte connect\u00e9 sur leur site web.<\/p>\r\n<!-- \/wp:paragraph -->\r\n<!-- wp:heading -->\r\n<h2 class=\"wp-block-heading\">Utilisation et transmission de vos donn\u00e9es personnelles<\/h2>\r\n<!-- \/wp:heading -->\r\n<!-- wp:paragraph -->\r\n<p><strong class=\"privacy-policy-tutorial\">Texte sugg\u00e9r\u00e9\u00a0: <\/strong>Si vous demandez une r\u00e9initialisation de votre mot de passe, votre adresse IP sera incluse dans l\u2019e-mail de r\u00e9initialisation.<\/p>\r\n<!-- \/wp:paragraph -->\r\n<!-- wp:heading -->\r\n<h2 class=\"wp-block-heading\">Dur\u00e9es de stockage de vos donn\u00e9es<\/h2>\r\n<!-- \/wp:heading -->\r\n<!-- wp:paragraph -->\r\n<p><strong class=\"privacy-policy-tutorial\">Texte sugg\u00e9r\u00e9\u00a0: <\/strong>Si vous laissez un commentaire, le commentaire et ses m\u00e9tadonn\u00e9es sont conserv\u00e9s ind\u00e9finiment. Cela permet de reconna\u00eetre et approuver automatiquement les commentaires suivants au lieu de les laisser dans la file de mod\u00e9ration.<\/p>\r\n<!-- \/wp:paragraph -->\r\n<!-- wp:paragraph -->\r\n<p>Pour les comptes qui s\u2019inscrivent sur notre site (le cas \u00e9ch\u00e9ant), nous stockons \u00e9galement les donn\u00e9es personnelles indiqu\u00e9es dans leur profil. Tous les comptes peuvent voir, modifier ou supprimer leurs informations personnelles \u00e0 tout moment (\u00e0 l\u2019exception de leur identifiant). Les gestionnaires du site peuvent aussi voir et modifier ces informations.<\/p>\r\n<!-- \/wp:paragraph -->\r\n<!-- wp:heading -->\r\n<h2 class=\"wp-block-heading\">Les droits que vous avez sur vos donn\u00e9es<\/h2>\r\n<!-- \/wp:heading -->\r\n<!-- wp:paragraph -->\r\n<p><strong class=\"privacy-policy-tutorial\">Texte sugg\u00e9r\u00e9\u00a0: <\/strong>Si vous avez un compte ou si vous avez laiss\u00e9 des commentaires sur le site, vous pouvez demander \u00e0 recevoir un fichier contenant toutes les donn\u00e9es personnelles que nous poss\u00e9dons \u00e0 votre sujet, incluant celles que vous nous avez fournies. Vous pouvez \u00e9galement demander la suppression des donn\u00e9es personnelles vous concernant. Cela ne prend pas en compte les donn\u00e9es stock\u00e9es \u00e0 des fins administratives, l\u00e9gales ou pour des raisons de s\u00e9curit\u00e9.<\/p>\r\n<!-- \/wp:paragraph -->\r\n<!-- wp:heading -->\r\n<h2 class=\"wp-block-heading\">O\u00f9 vos donn\u00e9es sont envoy\u00e9es<\/h2>\r\n<!-- \/wp:heading -->\r\n<!-- wp:paragraph -->\r\n<p><strong class=\"privacy-policy-tutorial\">Texte sugg\u00e9r\u00e9\u00a0: <\/strong>Les commentaires des visiteurs peuvent \u00eatre v\u00e9rifi\u00e9s \u00e0 l\u2019aide d\u2019un service automatis\u00e9 de d\u00e9tection des commentaires ind\u00e9sirables.<\/p>\r\n<!-- \/wp:paragraph -->\r\n","_et_gb_content_width":"","footnotes":""},"class_list":["post-576","page","type-page","status-publish","hentry"],"_links":{"self":[{"href":"https:\/\/cfr44.fr\/index.php\/wp-json\/wp\/v2\/pages\/576","targetHints":{"allow":["GET"]}}],"collection":[{"href":"https:\/\/cfr44.fr\/index.php\/wp-json\/wp\/v2\/pages"}],"about":[{"href":"https:\/\/cfr44.fr\/index.php\/wp-json\/wp\/v2\/types\/page"}],"author":[{"embeddable":true,"href":"https:\/\/cfr44.fr\/index.php\/wp-json\/wp\/v2\/users\/1"}],"replies":[{"embeddable":true,"href":"https:\/\/cfr44.fr\/index.php\/wp-json\/wp\/v2\/comments?post=576"}],"version-history":[{"count":3,"href":"https:\/\/cfr44.fr\/index.php\/wp-json\/wp\/v2\/pages\/576\/revisions"}],"predecessor-version":[{"id":580,"href":"https:\/\/cfr44.fr\/index.php\/wp-json\/wp\/v2\/pages\/576\/revisions\/580"}],"wp:attachment":[{"href":"https:\/\/cfr44.fr\/index.php\/wp-json\/wp\/v2\/media?parent=576"}],"curies":[{"name":"wp","href":"https:\/\/api.w.org\/{rel}","templated":true}]}}